{"id":22,"date":"2025-05-28T07:37:36","date_gmt":"2025-05-28T05:37:36","guid":{"rendered":"https:\/\/art-vitis.com\/?page_id=22"},"modified":"2025-06-04T10:30:13","modified_gmt":"2025-06-04T08:30:13","slug":"elementor-22","status":"publish","type":"page","link":"https:\/\/art-vitis.com\/","title":{"rendered":"Accueil"},"content":{"rendered":"\t\t<div data-elementor-type=\"wp-post\" data-elementor-id=\"22\" class=\"elementor elementor-22\">\n\t\t\t\t<div class=\"elementor-element elementor-element-b0fac02 e-flex e-con-boxed e-con e-parent\" data-id=\"b0fac02\" data-element_type=\"container\">\n\t\t\t\t\t<div class=\"e-con-inner\">\n\t\t<div class=\"elementor-element elementor-element-be1694c e-con-full e-flex e-con e-child\" data-id=\"be1694c\" data-element_type=\"container\">\n\t\t\t\t<div class=\"elementor-element elementor-element-1e5c5a6 elementor-widget__width-initial elementor-widget elementor-widget-image\" data-id=\"1e5c5a6\" data-element_type=\"widget\" data-widget_type=\"image.default\">\n\t\t\t\t<div class=\"elementor-widget-container\">\n\t\t\t\t\t\t\t\t\t\t\t\t\t\t\t<img fetchpriority=\"high\" decoding=\"async\" width=\"633\" height=\"653\" src=\"https:\/\/art-vitis.com\/wp-content\/uploads\/2025\/06\/Fabrice-Gilberdy-rond.jpg\" class=\"attachment-large size-large wp-image-101\" alt=\"\" srcset=\"https:\/\/art-vitis.com\/wp-content\/uploads\/2025\/06\/Fabrice-Gilberdy-rond.jpg 633w, https:\/\/art-vitis.com\/wp-content\/uploads\/2025\/06\/Fabrice-Gilberdy-rond-291x300.jpg 291w\" sizes=\"(max-width: 633px) 100vw, 633px\" \/>\t\t\t\t\t\t\t\t\t\t\t\t\t\t\t<\/div>\n\t\t\t\t<\/div>\n\t\t<div class=\"elementor-element elementor-element-9c9c168 e-con-full e-flex e-con e-child\" data-id=\"9c9c168\" data-element_type=\"container\" data-settings=\"{&quot;animation&quot;:&quot;none&quot;}\">\n\t\t\t\t<div class=\"elementor-element elementor-element-fea61d4 elementor-widget elementor-widget-heading\" data-id=\"fea61d4\" data-element_type=\"widget\" data-widget_type=\"heading.default\">\n\t\t\t\t<div class=\"elementor-widget-container\">\n\t\t\t\t\t<h2 class=\"elementor-heading-title elementor-size-default\">Fabrice GILBERDY<\/h2>\t\t\t\t<\/div>\n\t\t\t\t<\/div>\n\t\t\t\t<\/div>\n\t\t\t\t<\/div>\n\t\t\t\t\t<\/div>\n\t\t\t\t<\/div>\n\t\t<div class=\"elementor-element elementor-element-b989398 e-flex e-con-boxed e-con e-parent\" data-id=\"b989398\" data-element_type=\"container\">\n\t\t\t\t\t<div class=\"e-con-inner\">\n\t\t<div class=\"elementor-element elementor-element-8690b92 e-con-full e-flex e-con e-child\" data-id=\"8690b92\" data-element_type=\"container\">\n\t\t\t\t<div class=\"elementor-element elementor-element-49e07ce elementor-widget elementor-widget-image\" data-id=\"49e07ce\" data-element_type=\"widget\" data-widget_type=\"image.default\">\n\t\t\t\t<div class=\"elementor-widget-container\">\n\t\t\t\t\t\t\t\t\t\t\t\t\t\t\t<img decoding=\"async\" width=\"561\" height=\"506\" src=\"https:\/\/art-vitis.com\/wp-content\/uploads\/2025\/05\/art-vitis_tache-bleu.jpg\" class=\"attachment-large size-large wp-image-35\" alt=\"\" srcset=\"https:\/\/art-vitis.com\/wp-content\/uploads\/2025\/05\/art-vitis_tache-bleu.jpg 561w, https:\/\/art-vitis.com\/wp-content\/uploads\/2025\/05\/art-vitis_tache-bleu-300x271.jpg 300w\" sizes=\"(max-width: 561px) 100vw, 561px\" \/>\t\t\t\t\t\t\t\t\t\t\t\t\t\t\t<\/div>\n\t\t\t\t<\/div>\n\t\t<div class=\"elementor-element elementor-element-7242177 e-con-full e-flex e-con e-child\" data-id=\"7242177\" data-element_type=\"container\" data-settings=\"{&quot;animation&quot;:&quot;none&quot;}\">\n\t\t\t\t<div class=\"elementor-element elementor-element-5f5134c elementor-widget elementor-widget-heading\" data-id=\"5f5134c\" data-element_type=\"widget\" data-widget_type=\"heading.default\">\n\t\t\t\t<div class=\"elementor-widget-container\">\n\t\t\t\t\t<h2 class=\"elementor-heading-title elementor-size-default\">Le label qui associe la jeune g\u00e9n\u00e9ration de l'art contemporain au vin.<\/h2>\t\t\t\t<\/div>\n\t\t\t\t<\/div>\n\t\t\t\t<\/div>\n\t\t\t\t<\/div>\n\t\t\t\t\t<\/div>\n\t\t\t\t<\/div>\n\t\t<div class=\"elementor-element elementor-element-db0ffa7 e-flex e-con-boxed e-con e-parent\" data-id=\"db0ffa7\" data-element_type=\"container\">\n\t\t\t\t\t<div class=\"e-con-inner\">\n\t\t\t\t\t<\/div>\n\t\t\t\t<\/div>\n\t\t<div class=\"elementor-element elementor-element-3d21720 e-flex e-con-boxed e-con e-parent\" data-id=\"3d21720\" data-element_type=\"container\">\n\t\t\t\t\t<div class=\"e-con-inner\">\n\t\t\t\t<div class=\"elementor-element elementor-element-d343990 elementor-invisible elementor-widget elementor-widget-heading\" data-id=\"d343990\" data-element_type=\"widget\" data-settings=\"{&quot;_animation&quot;:&quot;zoomIn&quot;}\" data-widget_type=\"heading.default\">\n\t\t\t\t<div class=\"elementor-widget-container\">\n\t\t\t\t\t<h2 class=\"elementor-heading-title elementor-size-default\">NA\u00cfF MAN<\/h2>\t\t\t\t<\/div>\n\t\t\t\t<\/div>\n\t\t\t\t\t<\/div>\n\t\t\t\t<\/div>\n\t\t<div class=\"elementor-element elementor-element-5ac1b15 e-flex e-con-boxed e-con e-parent\" data-id=\"5ac1b15\" data-element_type=\"container\">\n\t\t\t\t\t<div class=\"e-con-inner\">\n\t\t<div class=\"elementor-element elementor-element-658bf94 e-con-full e-flex e-con e-child\" data-id=\"658bf94\" data-element_type=\"container\">\n\t\t\t\t<div class=\"elementor-element elementor-element-9a2f4bb elementor-widget__width-initial elementor-widget elementor-widget-image\" data-id=\"9a2f4bb\" data-element_type=\"widget\" data-widget_type=\"image.default\">\n\t\t\t\t<div class=\"elementor-widget-container\">\n\t\t\t\t\t\t\t\t\t\t\t\t\t\t\t<img decoding=\"async\" width=\"956\" height=\"1024\" src=\"https:\/\/art-vitis.com\/wp-content\/uploads\/2025\/06\/Photo-NAIF-956x1024.jpg\" class=\"attachment-large size-large wp-image-107\" alt=\"\" srcset=\"https:\/\/art-vitis.com\/wp-content\/uploads\/2025\/06\/Photo-NAIF-956x1024.jpg 956w, https:\/\/art-vitis.com\/wp-content\/uploads\/2025\/06\/Photo-NAIF-280x300.jpg 280w, https:\/\/art-vitis.com\/wp-content\/uploads\/2025\/06\/Photo-NAIF-768x823.jpg 768w, https:\/\/art-vitis.com\/wp-content\/uploads\/2025\/06\/Photo-NAIF-1434x1536.jpg 1434w, https:\/\/art-vitis.com\/wp-content\/uploads\/2025\/06\/Photo-NAIF-1912x2048.jpg 1912w\" sizes=\"(max-width: 956px) 100vw, 956px\" \/>\t\t\t\t\t\t\t\t\t\t\t\t\t\t\t<\/div>\n\t\t\t\t<\/div>\n\t\t\t\t<\/div>\n\t\t<div class=\"elementor-element elementor-element-8902a56 e-con-full e-flex e-con e-child\" data-id=\"8902a56\" data-element_type=\"container\">\n\t\t\t\t<div class=\"elementor-element elementor-element-1e3de60 elementor-widget elementor-widget-text-editor\" data-id=\"1e3de60\" data-element_type=\"widget\" data-widget_type=\"text-editor.default\">\n\t\t\t\t<div class=\"elementor-widget-container\">\n\t\t\t\t\t\t\t\t\t<p class=\"p1\"><span class=\"s1\">N\u00e9 en 1988 dans la r\u00e9gion bordelaise, il commence \u00e0 peindre au d\u00e9but des ann\u00e9es 2000 par le biais du graffiti. Apr\u00e8s \u00eatre pass\u00e9 par la sculpture et la taille de pierre ainsi que par plusieurs collectifs artistiques, il se consacre depuis quelques ann\u00e9es exclusivement \u00e0 la peinture, qui est nourrie par diverses influences telles que l\u2019art brut, l\u2019art na\u00eff, la figuration libre&#8230; Sa peinture est \u00e0 la fois symbolique, synth\u00e9tique et \u00e9nigmatique, et tente de garder pour prisme le regard curieux et \u00e9merveill\u00e9 de l\u2019enfance. Territoire sacr\u00e9, \u00e9nigmatique, mystique, ensorcelant, ressour\u00e7ant ou primaire, la narration symbolique de l\u2019artiste bordelais Na\u00eff explore nos relations intimes avec la nature pour c\u00e9l\u00e9brer le vivant. Un artiste pop, dont les \u0153uvres captent l\u2019attention. Subtil jeu de formes et de couleurs, les performances de Na\u00eff sont saisissantes. Des formes rondes et color\u00e9es, des notes simples et en m\u00eame temps complexes\u2026 presque enfan<\/span><span class=\"s2\">tines\u2026 Des performances pleines de vie et d\u2019\u00e9nergie, de couleur <\/span><span class=\"s1\">et de bonheur.<br \/><\/span><span class=\"s1\"><strong>D\u2019o\u00f9 viens-tu ?<\/strong> Je viens de la r\u00e9gion bordelaise. <br \/><\/span><span class=\"s1\"><strong>Quel est ton parcours ? As-tu eu un d\u00e9clic pour te lancer et lequel ?<\/strong> J\u2019ai d\u00e9couvert la peinture gr\u00e2ce \u00e0 la pratique du graffiti au d\u00e9but des ann\u00e9es 2000, il ya bien eu un d\u00e9clic qui a eu lieu pendant ces premi\u00e8res ann\u00e9es en peignant dans la rue, le jeu infini de la couleur m\u2019est apparu et je n\u2019en suis jamais ressorti !<br \/><\/span><span class=\"s1\"><strong>Et tes projets ?<\/strong> La fresque Cap-Vert Blaye fait environ 150 m<sup>2<\/sup>, j\u2019y \u00e9voque \u00e0 la fois le voyage ainsi que le territoire Blayais, le chantier durera au minimum une semaine et je pense utiliser entre 50 et 100 pulv\u00e9risations pour la r\u00e9aliser.<\/span><\/p>\t\t\t\t\t\t\t\t<\/div>\n\t\t\t\t<\/div>\n\t\t\t\t<\/div>\n\t\t\t\t\t<\/div>\n\t\t\t\t<\/div>\n\t\t<div class=\"elementor-element elementor-element-af5e0c5 e-flex e-con-boxed e-con e-parent\" data-id=\"af5e0c5\" data-element_type=\"container\">\n\t\t\t\t\t<div class=\"e-con-inner\">\n\t\t\t\t<div class=\"elementor-element elementor-element-a31cc10 elementor-widget elementor-widget-image\" data-id=\"a31cc10\" data-element_type=\"widget\" data-widget_type=\"image.default\">\n\t\t\t\t<div class=\"elementor-widget-container\">\n\t\t\t\t\t\t\t\t\t\t\t\t\t\t\t<img loading=\"lazy\" decoding=\"async\" width=\"1024\" height=\"129\" src=\"https:\/\/art-vitis.com\/wp-content\/uploads\/2025\/06\/Maquette-Mur-Blaye-1024x129.jpg\" class=\"attachment-large size-large wp-image-112\" alt=\"\" srcset=\"https:\/\/art-vitis.com\/wp-content\/uploads\/2025\/06\/Maquette-Mur-Blaye-1024x129.jpg 1024w, https:\/\/art-vitis.com\/wp-content\/uploads\/2025\/06\/Maquette-Mur-Blaye-300x38.jpg 300w, https:\/\/art-vitis.com\/wp-content\/uploads\/2025\/06\/Maquette-Mur-Blaye-768x97.jpg 768w, https:\/\/art-vitis.com\/wp-content\/uploads\/2025\/06\/Maquette-Mur-Blaye-1536x193.jpg 1536w, https:\/\/art-vitis.com\/wp-content\/uploads\/2025\/06\/Maquette-Mur-Blaye-2048x258.jpg 2048w\" sizes=\"(max-width: 1024px) 100vw, 1024px\" \/>\t\t\t\t\t\t\t\t\t\t\t\t\t\t\t<\/div>\n\t\t\t\t<\/div>\n\t\t\t\t\t<\/div>\n\t\t\t\t<\/div>\n\t\t\t\t<\/div>\n\t\t","protected":false},"excerpt":{"rendered":"<p>Fabrice GILBERDY Le label qui associe la jeune g\u00e9n\u00e9ration de l&rsquo;art contemporain au vin. NA\u00cfF MAN N\u00e9 en 1988 dans [&hellip;]<\/p>\n","protected":false},"author":1,"featured_media":0,"parent":0,"menu_order":0,"comment_status":"closed","ping_status":"closed","template":"","meta":{"site-sidebar-layout":"no-sidebar","site-content-layout":"","ast-site-content-layout":"full-width-container","site-content-style":"default","site-sidebar-style":"default","ast-global-header-display":"","ast-banner-title-visibility":"","ast-main-header-display":"","ast-hfb-above-header-display":"","ast-hfb-below-header-display":"","ast-hfb-mobile-header-display":"","site-post-title":"disabled","ast-breadcrumbs-content":"","ast-featured-img":"disabled","footer-sml-layout":"","theme-transparent-header-meta":"","adv-header-id-meta":"","stick-header-meta":"","header-above-stick-meta":"","header-main-stick-meta":"","header-below-stick-meta":"","astra-migrate-meta-layouts":"default","ast-page-background-enabled":"default","ast-page-background-meta":{"desktop":{"background-color":"var(--ast-global-color-5)","background-image":"","background-repeat":"repeat","background-position":"center center","background-size":"auto","background-attachment":"scroll","background-type":"","background-media":"","overlay-type":"","overlay-color":"","overlay-opacity":"","overlay-gradient":""},"tablet":{"background-color":"","background-image":"","background-repeat":"repeat","background-position":"center center","background-size":"auto","background-attachment":"scroll","background-type":"","background-media":"","overlay-type":"","overlay-color":"","overlay-opacity":"","overlay-gradient":""},"mobile":{"background-color":"","background-image":"","background-repeat":"repeat","background-position":"center center","background-size":"auto","background-attachment":"scroll","background-type":"","background-media":"","overlay-type":"","overlay-color":"","overlay-opacity":"","overlay-gradient":""}},"ast-content-background-meta":{"desktop":{"background-color":"var(--ast-global-color-4)","background-image":"","background-repeat":"repeat","background-position":"center center","background-size":"auto","background-attachment":"scroll","background-type":"","background-media":"","overlay-type":"","overlay-color":"","overlay-opacity":"","overlay-gradient":""},"tablet":{"background-color":"var(--ast-global-color-4)","background-image":"","background-repeat":"repeat","background-position":"center center","background-size":"auto","background-attachment":"scroll","background-type":"","background-media":"","overlay-type":"","overlay-color":"","overlay-opacity":"","overlay-gradient":""},"mobile":{"background-color":"var(--ast-global-color-4)","background-image":"","background-repeat":"repeat","background-position":"center center","background-size":"auto","background-attachment":"scroll","background-type":"","background-media":"","overlay-type":"","overlay-color":"","overlay-opacity":"","overlay-gradient":""}},"footnotes":""},"class_list":["post-22","page","type-page","status-publish","hentry"],"_links":{"self":[{"href":"https:\/\/art-vitis.com\/index.php?rest_route=\/wp\/v2\/pages\/22","targetHints":{"allow":["GET"]}}],"collection":[{"href":"https:\/\/art-vitis.com\/index.php?rest_route=\/wp\/v2\/pages"}],"about":[{"href":"https:\/\/art-vitis.com\/index.php?rest_route=\/wp\/v2\/types\/page"}],"author":[{"embeddable":true,"href":"https:\/\/art-vitis.com\/index.php?rest_route=\/wp\/v2\/users\/1"}],"replies":[{"embeddable":true,"href":"https:\/\/art-vitis.com\/index.php?rest_route=%2Fwp%2Fv2%2Fcomments&post=22"}],"version-history":[{"count":88,"href":"https:\/\/art-vitis.com\/index.php?rest_route=\/wp\/v2\/pages\/22\/revisions"}],"predecessor-version":[{"id":160,"href":"https:\/\/art-vitis.com\/index.php?rest_route=\/wp\/v2\/pages\/22\/revisions\/160"}],"wp:attachment":[{"href":"https:\/\/art-vitis.com\/index.php?rest_route=%2Fwp%2Fv2%2Fmedia&parent=22"}],"curies":[{"name":"wp","href":"https:\/\/api.w.org\/{rel}","templated":true}]}}