{"id":60,"date":"2025-05-28T12:25:58","date_gmt":"2025-05-28T10:25:58","guid":{"rendered":"https:\/\/art-vitis.com\/?page_id=60"},"modified":"2025-05-28T14:09:21","modified_gmt":"2025-05-28T12:09:21","slug":"editeur-du-site","status":"publish","type":"page","link":"https:\/\/art-vitis.com\/?page_id=60","title":{"rendered":"Mentions l\u00e9gales"},"content":{"rendered":"\t\t<div data-elementor-type=\"wp-page\" data-elementor-id=\"60\" class=\"elementor elementor-60\">\n\t\t\t\t<div class=\"elementor-element elementor-element-4404da0c e-flex e-con-boxed e-con e-parent\" data-id=\"4404da0c\" data-element_type=\"container\">\n\t\t\t\t\t<div class=\"e-con-inner\">\n\t\t\t\t<div class=\"elementor-element elementor-element-74769f51 elementor-widget elementor-widget-text-editor\" data-id=\"74769f51\" data-element_type=\"widget\" data-widget_type=\"text-editor.default\">\n\t\t\t\t<div class=\"elementor-widget-container\">\n\t\t\t\t\t\t\t\t\t\n<p>Responsable \u00e9ditorial : Fabrice Gilberdy<br \/>Adresse : 19, rue Urbain Chasseloup &#8211; 33390 Blaye<br \/>T\u00e9l\u00e9phone : 0681412477<br \/>Email : <strong><a href=\"mailto:alainlazontherapeute@gmail.com\" target=\"_blank\" rel=\"noreferrer noopener\">fabricegilberdy@yahoo.fr<\/a><\/strong><br \/>Site web : www.<a href=\"https:\/\/art-vitis.com\/\">art-vitis.com<\/a><\/p>\n\n<p><strong>H\u00e9bergement<\/strong><\/p>\n\n<p>GANDI SAS, Soci\u00e9t\u00e9 par Actions Simplifi\u00e9e au capital de 630000 \u20ac ayant son si\u00e8ge social au 63-65 boulevard Mass\u00e9na Paris (75013) FRANCE<br \/>Siren 423 093 459 RCS PARIS<br \/>n. de TVA FR81423093459<br \/>Tel +33 (0) 1 70.37.76.61<br \/>Fax +33. (0) 1 43 73 18 51<\/p>\n\n<p><strong>D\u00e9veloppement du site &amp; photographies<\/strong><\/p>\n\n<p>Conception et r\u00e9alisation du site :\u00a0Ang\u00e9lique Prisul &#8211; Graphiste Designer : 06 62 03 08 23<br \/>Photographie : Cyrille Auber<\/p>\n\n<p><strong>Conditions d\u2019utilisation<\/strong><\/p>\n\n<p>Ce site www.<a href=\"https:\/\/art-vitis.com\/\">art-vitis.com<\/a> est propos\u00e9 en diff\u00e9rents langages web (HTML, HTML5, Javascript, CSS, etc\u2026) pour un meilleur confort d\u2019utilisation et un graphisme plus agr\u00e9able.<\/p>\n\n<p>Nous vous recommandons de recourir \u00e0 des navigateurs modernes comme Internet explorer, Safari, Firefox, Google Chrome, etc\u2026<\/p>\n\n<p>L\u2019entreprise met en \u0153uvre tous les moyens dont elle dispose, pour assurer une information fiable et une mise \u00e0 jour fiable de ses sites internet. Toutefois, des erreurs ou omissions peuvent survenir.<\/p>\n\n<p>L\u2019internaute devra donc s\u2019assurer de l\u2019exactitude des informations aupr\u00e8s de l\u2019entreprise et signaler toutes modifications du site qu\u2019il jugerait utile. L\u2019entreprise n\u2019est en aucun cas responsable de l\u2019utilisation faite de ces informations, et de tout pr\u00e9judice direct ou indirect pouvant en d\u00e9couler.<\/p>\n\n<p><strong>Cookies<\/strong><\/p>\n\n<p>Le site www.<a href=\"https:\/\/art-vitis.com\/\">art-vitis.com<\/a> peut-\u00eatre amen\u00e9 \u00e0 vous demander l\u2019acceptation des cookies pour des besoins de statistiques et d\u2019affichage. Un\u00a0<a href=\"https:\/\/www.anthedesign.fr\/autour-du-web\/cookie\/\">cookie<\/a>\u00a0est une information d\u00e9pos\u00e9e sur votre disque dur par le serveur du site que vous visitez.<\/p>\n\n<p>Il contient plusieurs donn\u00e9es qui sont stock\u00e9es sur votre ordinateur dans un simple fichier texte auquel un serveur acc\u00e8de pour lire et enregistrer des informations. Certaines parties de ce site ne peuvent \u00eatre fonctionnelles sans l\u2019acceptation de cookies.<\/p>\n\n<p><strong>Liens hypertextes<\/strong><\/p>\n\n<p>Les sites internet peuvent offrir des liens vers d\u2019autres sites internet ou d\u2019autres ressources disponibles sur Internet. L\u2019entreprise ne dispose d\u2019aucun moyen pour contr\u00f4ler les sites en connexion avec ses sites internet.<\/p>\n\n<p>L\u2019entreprise ne r\u00e9pond pas de la disponibilit\u00e9 de tels sites et sources externes, ni ne la garantit. Elle ne peut \u00eatre tenue pour responsable de tout dommage, de quelque nature que ce soit, r\u00e9sultant du contenu de ces sites ou sources externes, et notamment des informations, produits ou services qu\u2019ils proposent, ou de tout usage qui peut \u00eatre fait de ces \u00e9l\u00e9ments.<\/p>\n\n<p>Les risques li\u00e9s \u00e0 cette utilisation incombent pleinement \u00e0 l\u2019internaute, qui doit se conformer \u00e0 leurs conditions d\u2019utilisation.<\/p>\n\n<p>Les utilisateurs, les abonn\u00e9s et les visiteurs des sites internet ne peuvent pas mettre en place un hyperlien en direction de www.<a href=\"https:\/\/art-vitis.com\/\">art-vitis.com<\/a> sans l\u2019autorisation expresse et pr\u00e9alable de l\u2019entreprise.<\/p>\n\n<p>Dans l\u2019hypoth\u00e8se o\u00f9 un utilisateur ou visiteur souhaiterait mettre en place un hyperlien, il lui appartiendra d\u2019adresser un email accessible sur le site afin de formuler sa demande de mise en place d\u2019un hyperlien.<\/p>\n\n<p>L\u2019entreprise se r\u00e9serve le droit d\u2019accepter ou de refuser un hyperlien sans avoir \u00e0 en justifier sa d\u00e9cision.<\/p>\n\n<p><strong>Services fournis<\/strong><\/p>\n\n<p>L\u2019ensemble des activit\u00e9s de la soci\u00e9t\u00e9 ainsi que ses informations sont pr\u00e9sent\u00e9s sur notre site.<\/p>\n\n<p>Nous nous effor\u00e7ons de fournir sur notre site des informations aussi pr\u00e9cises que possible. Les renseignements figurant sur le site www.<a href=\"https:\/\/art-vitis.com\/\">art-vitis.com<\/a> ne sont pas exhaustifs et les photos non contractuelles.<\/p>\n\n<p>Ils sont donn\u00e9s sous r\u00e9serve de modifications ayant \u00e9t\u00e9 apport\u00e9es depuis leur mise en ligne. Par ailleurs, tous les informations indiqu\u00e9es sur le site www.<a href=\"https:\/\/art-vitis.com\/\">art-vitis.com<\/a> sont donn\u00e9es \u00e0 titre indicatif, et sont susceptibles de changer ou d\u2019\u00e9voluer sans pr\u00e9avis.<\/p>\n\n<p><strong>Limitation contractuelles sur les donn\u00e9es<\/strong><\/p>\n\n<p>Les informations contenues sur ce site sont aussi pr\u00e9cises que possible et le site est mis \u00e0 jour \u00e0 diff\u00e9rentes p\u00e9riodes de l\u2019ann\u00e9e, mais peut toutefois contenir des inexactitudes ou des omissions.<\/p>\n\n<p>Si vous constatez une lacune, erreur ou ce qui parait \u00eatre un dysfonctionnement, merci de bien vouloir le signaler par mail en d\u00e9crivant le probl\u00e8me de la mani\u00e8re la plus pr\u00e9cise possible (page posant probl\u00e8me, type d\u2019ordinateur et de navigateur utilis\u00e9\u2026).<\/p>\n\n<p>Tout contenu t\u00e9l\u00e9charg\u00e9 se fait aux risques et p\u00e9rils de l\u2019utilisateur et sous sa seule responsabilit\u00e9. En cons\u00e9quence, ne saurait \u00eatre tenu responsable d\u2019un quelconque dommage subi par l\u2019ordinateur de l\u2019utilisateur ou d\u2019une quelconque perte de donn\u00e9es cons\u00e9cutives au t\u00e9l\u00e9chargement.<\/p>\n\n<p>De plus, l\u2019utilisateur du site s\u2019engage \u00e0 acc\u00e9der au site en utilisant un mat\u00e9riel r\u00e9cent, ne contenant pas de virus et avec un navigateur de derni\u00e8re g\u00e9n\u00e9ration mis-\u00e0-jour.<\/p>\n\n<p>Les liens hypertextes mis en place dans le cadre du pr\u00e9sent site internet en direction d\u2019autres ressources pr\u00e9sentes sur le r\u00e9seau Internet ne sauraient engager la responsabilit\u00e9 de l\u2019entreprise Alain Lazon.<\/p>\n\n<p><strong>Propri\u00e9t\u00e9 intellectuelle<\/strong><\/p>\n\n<p>Toute reproduction, distribution, modification, adaptation, retransmission ou publication, m\u00eame partielle, de ces diff\u00e9rents \u00e9l\u00e9ments est strictement interdite sans l\u2019accord expr\u00e8s par \u00e9crit de l\u2019entreprise. Cette repr\u00e9sentation ou reproduction, par quelque proc\u00e9d\u00e9 que ce soit, constitue une contrefa\u00e7on sanctionn\u00e9e par les articles L.335-2 et suivants du Code de la propri\u00e9t\u00e9 intellectuelle. Le non-respect de cette interdiction constitue une contrefa\u00e7on pouvant engager la responsabilit\u00e9 civile et p\u00e9nale du contrefacteur. En outre, les propri\u00e9taires des Contenus copi\u00e9s pourraient intenter une action en justice \u00e0 votre encontre.<\/p>\n\n<p><strong>Litiges<\/strong><\/p>\n\n<p>Les pr\u00e9sentes conditions du site sont r\u00e9gies par les lois fran\u00e7aises et toute contestation ou litiges qui pourraient na\u00eetre de l\u2019interpr\u00e9tation ou de l\u2019ex\u00e9cution de celles-ci seront de la comp\u00e9tence exclusive des tribunaux dont d\u00e9pend le si\u00e8ge social de la soci\u00e9t\u00e9. La langue de r\u00e9f\u00e9rence, pour le r\u00e8glement de contentieux \u00e9ventuels, est le fran\u00e7ais.<\/p>\n\n<p><strong>Donn\u00e9es personnelles<\/strong><\/p>\n\n<p>De mani\u00e8re g\u00e9n\u00e9rale, vous n\u2019\u00eates pas tenu de nous communiquer vos donn\u00e9es personnelles lorsque vous visitez notre site Internet.<\/p>\n\n<p>Cependant, ce principe comporte certaines exceptions.<\/p>\n\n<p>En effet, pour certains services propos\u00e9s par notre site, vous pouvez \u00eatre amen\u00e9s \u00e0 nous communiquer des donn\u00e9es telles que : votre nom, votre fonction, le nom de votre soci\u00e9t\u00e9, votre adresse \u00e9lectronique, et votre num\u00e9ro de t\u00e9l\u00e9phone. Tel est le cas lorsque vous remplissez le formulaire qui vous est propos\u00e9 en ligne, dans la rubrique contact.<\/p>\n\n<p>Il est \u00e0 noter que vous pouvez refuser de fournir vos donn\u00e9es personnelles. Dans ce cas, vous ne pourrez pas utiliser les services du site, notamment celui de solliciter des renseignements sur notre soci\u00e9t\u00e9, ou de recevoir les lettres d\u2019information.<\/p>\n\n<p>Enfin, nous pouvons collecter de mani\u00e8re automatique certaines informations vous concernant lors d\u2019une simple navigation sur notre site internet, notamment des informations concernant l\u2019utilisation de notre site, comme les zones que vous visitez et les services auxquels vous acc\u00e9dez, le type de votre navigateur, vos temps d\u2019acc\u00e8s.<\/p>\n\n<p>De telles informations sont utilis\u00e9es exclusivement \u00e0 des fins de statistiques internes, de mani\u00e8re \u00e0 am\u00e9liorer la qualit\u00e9 des services qui vous sont propos\u00e9s.<\/p>\n\n<p>Les bases de donn\u00e9es sont prot\u00e9g\u00e9es par les dispositions de la loi du 1er juillet 1998 transposant la directive 96\/9 du 11 mars 1996 relative \u00e0 la protection juridique des bases de donn\u00e9es.<\/p>\n\n<p><strong>Politique de confidentialit\u00e9<\/strong><\/p>\n\n<p><strong>Utilisation et transmission de vos donn\u00e9es personnelles<\/strong><\/p>\n\n<p>Pour traiter votre demande via le formulaire de contact, vous devez nous fournir certaines informations, notamment votre nom, pr\u00e9nom, email, num\u00e9ro de t\u00e9l\u00e9phone ainsi qu\u2019un message comprenant votre demande. Vous pouvez \u00e9galement d\u00e9cider de communiquer certaines informations personnelles compl\u00e9mentaires (pour une demande personnalis\u00e9e par exemple), en les renseignant dans votre message.<br \/>Nous nous appuyons sur un certain nombre de bases l\u00e9gales pour recueillir, utiliser et partager vos informations, et notamment :<\/p>\n\n<ul class=\"wp-block-list\">\n<li>Pour vous fournir nos services, par exemple lorsque nous utilisons vos informations pour traiter votre demande, r\u00e9soudre un litige ou assurer le service client ;<\/li>\n\n<li>Si n\u00e9cessaire, pour r\u00e9pondre \u00e0 une obligation l\u00e9gale, un arr\u00eat juridique ou en lien avec une demande de la justice.<\/li>\n\n<li>Si n\u00e9cessaire, pour servir nos int\u00e9r\u00eats l\u00e9gitimes, dans le cas o\u00f9 ces int\u00e9r\u00eats l\u00e9gitimes ne sont pas invalid\u00e9s par vos droits ou vos int\u00e9r\u00eats, tels que fournir et am\u00e9liorer nos services. Nous utilisons vos informations pour fournir les services que vous nous demandez et dans nos int\u00e9r\u00eat l\u00e9gitime \u00e0 am\u00e9liorer ces services.<\/li>\n<\/ul>\n\n<p><strong>Partage et diffusion d\u2019informations<\/strong><\/p>\n\n<p>Les informations concernant nos clients sont importantes pour notre activit\u00e9. Nous ne partageons vos informations personnelles que pour un nombre tr\u00e8s limit\u00e9 de raisons, ainsi que dans un nombre limit\u00e9 de circonstances telles que : Les transferts d\u2019activit\u00e9. Si l\u2019entreprise vient \u00e0 \u00eatre vendue ou fusionn\u00e9e avec une autre, je peux avoir \u00e0 communiquer vos informations dans le cadre de cette transaction, mais uniquement dans la mesure autoris\u00e9e par la loi. Le respect de la l\u00e9gislation. Nous pouvons avoir \u00e0 recueillir, utiliser, conserver et partager vos informations si nous pensons en toute bonne foi que cela est n\u00e9cessaire et raisonnable pour : (a) r\u00e9pondre \u00e0 un processus juridique ou une demande de l\u2019\u00e9tat ; (b) faire appliquer nos accords, nos conditions ou nos r\u00e8glements ; (c) emp\u00eacher, enqu\u00eater sur ou g\u00e9rer toute fraude ou autre activit\u00e9 ill\u00e9gale, ou tout probl\u00e8me technique ou de s\u00e9curit\u00e9 ; ou (d) prot\u00e9ger les droits, la propri\u00e9t\u00e9 et la s\u00e9curit\u00e9 de nos clients ou d\u2019autres personnes.<\/p>\n\n<p><strong>Conservation des donn\u00e9es<\/strong><\/p>\n\n<p>Nous conservons vos informations uniquement aussi longtemps que n\u00e9cessaire pour vous fournir nos services et aux fins \u00e9tablies dans nos r\u00e8gles de confidentialit\u00e9. Nous pouvons \u00e9galement avoir \u00e0 conserver ces informations pour nous conformer \u00e0 des obligations l\u00e9gislatives et juridiques, r\u00e9soudre des litiges et faire appliquer nos engagements.<\/p>\n\t\t\t\t\t\t\t\t<\/div>\n\t\t\t\t<\/div>\n\t\t\t\t\t<\/div>\n\t\t\t\t<\/div>\n\t\t\t\t<\/div>\n\t\t","protected":false},"excerpt":{"rendered":"<p>Responsable \u00e9ditorial : Fabrice GilberdyAdresse : 19, rue Urbain Chasseloup &#8211; 33390 BlayeT\u00e9l\u00e9phone : 0681412477Email : fabricegilberdy@yahoo.frSite web : www.art-vitis.com [&hellip;]<\/p>\n","protected":false},"author":1,"featured_media":0,"parent":0,"menu_order":0,"comment_status":"closed","ping_status":"closed","template":"","meta":{"site-sidebar-layout":"default","site-content-layout":"","ast-site-content-layout":"","site-content-style":"default","site-sidebar-style":"default","ast-global-header-display":"","ast-banner-title-visibility":"","ast-main-header-display":"","ast-hfb-above-header-display":"","ast-hfb-below-header-display":"","ast-hfb-mobile-header-display":"","site-post-title":"","ast-breadcrumbs-content":"","ast-featured-img":"","footer-sml-layout":"","theme-transparent-header-meta":"","adv-header-id-meta":"","stick-header-meta":"","header-above-stick-meta":"","header-main-stick-meta":"","header-below-stick-meta":"","astra-migrate-meta-layouts":"default","ast-page-background-enabled":"default","ast-page-background-meta":{"desktop":{"background-color":"var(--ast-global-color-5)","background-image":"","background-repeat":"repeat","background-position":"center center","background-size":"auto","background-attachment":"scroll","background-type":"","background-media":"","overlay-type":"","overlay-color":"","overlay-opacity":"","overlay-gradient":""},"tablet":{"background-color":"","background-image":"","background-repeat":"repeat","background-position":"center center","background-size":"auto","background-attachment":"scroll","background-type":"","background-media":"","overlay-type":"","overlay-color":"","overlay-opacity":"","overlay-gradient":""},"mobile":{"background-color":"","background-image":"","background-repeat":"repeat","background-position":"center center","background-size":"auto","background-attachment":"scroll","background-type":"","background-media":"","overlay-type":"","overlay-color":"","overlay-opacity":"","overlay-gradient":""}},"ast-content-background-meta":{"desktop":{"background-color":"var(--ast-global-color-4)","background-image":"","background-repeat":"repeat","background-position":"center center","background-size":"auto","background-attachment":"scroll","background-type":"","background-media":"","overlay-type":"","overlay-color":"","overlay-opacity":"","overlay-gradient":""},"tablet":{"background-color":"var(--ast-global-color-4)","background-image":"","background-repeat":"repeat","background-position":"center center","background-size":"auto","background-attachment":"scroll","background-type":"","background-media":"","overlay-type":"","overlay-color":"","overlay-opacity":"","overlay-gradient":""},"mobile":{"background-color":"var(--ast-global-color-4)","background-image":"","background-repeat":"repeat","background-position":"center center","background-size":"auto","background-attachment":"scroll","background-type":"","background-media":"","overlay-type":"","overlay-color":"","overlay-opacity":"","overlay-gradient":""}},"footnotes":""},"class_list":["post-60","page","type-page","status-publish","hentry"],"_links":{"self":[{"href":"https:\/\/art-vitis.com\/index.php?rest_route=\/wp\/v2\/pages\/60","targetHints":{"allow":["GET"]}}],"collection":[{"href":"https:\/\/art-vitis.com\/index.php?rest_route=\/wp\/v2\/pages"}],"about":[{"href":"https:\/\/art-vitis.com\/index.php?rest_route=\/wp\/v2\/types\/page"}],"author":[{"embeddable":true,"href":"https:\/\/art-vitis.com\/index.php?rest_route=\/wp\/v2\/users\/1"}],"replies":[{"embeddable":true,"href":"https:\/\/art-vitis.com\/index.php?rest_route=%2Fwp%2Fv2%2Fcomments&post=60"}],"version-history":[{"count":11,"href":"https:\/\/art-vitis.com\/index.php?rest_route=\/wp\/v2\/pages\/60\/revisions"}],"predecessor-version":[{"id":73,"href":"https:\/\/art-vitis.com\/index.php?rest_route=\/wp\/v2\/pages\/60\/revisions\/73"}],"wp:attachment":[{"href":"https:\/\/art-vitis.com\/index.php?rest_route=%2Fwp%2Fv2%2Fmedia&parent=60"}],"curies":[{"name":"wp","href":"https:\/\/api.w.org\/{rel}","templated":true}]}}